{"id":12,"date":"2022-05-13T16:37:50","date_gmt":"2022-05-13T16:37:50","guid":{"rendered":"https:\/\/blohmes.de\/wordpress\/?page_id=12"},"modified":"2026-03-22T14:25:49","modified_gmt":"2026-03-22T14:25:49","slug":"home","status":"publish","type":"page","link":"https:\/\/blohmes.de\/","title":{"rendered":"Home"},"content":{"rendered":"\t\t<div data-elementor-type=\"wp-page\" data-elementor-id=\"12\" class=\"elementor elementor-12\">\n\t\t\t\t\t\t<section class=\"elementor-section elementor-top-section elementor-element elementor-element-ae3654a elementor-section-height-min-height elementor-section-items-top elementor-section-boxed elementor-section-height-default\" data-id=\"ae3654a\" data-element_type=\"section\" data-e-type=\"section\" data-settings=\"{&quot;background_background&quot;:&quot;slideshow&quot;,&quot;background_slideshow_gallery&quot;:[{&quot;id&quot;:180,&quot;url&quot;:&quot;https:\\\/\\\/blohmes.de\\\/wp-content\\\/uploads\\\/2022\\\/05\\\/Foto-12-compressed-1-scaled.jpg&quot;},{&quot;id&quot;:100,&quot;url&quot;:&quot;https:\\\/\\\/blohmes.de\\\/wp-content\\\/uploads\\\/2022\\\/05\\\/DSC_0124-compressed-scaled.jpg&quot;},{&quot;id&quot;:310,&quot;url&quot;:&quot;https:\\\/\\\/blohmes.de\\\/wp-content\\\/uploads\\\/2022\\\/05\\\/fullsizeoutput_5d3a-compressed-scaled-e1652768461425.jpg&quot;},{&quot;id&quot;:315,&quot;url&quot;:&quot;https:\\\/\\\/blohmes.de\\\/wp-content\\\/uploads\\\/2022\\\/05\\\/fullsizeoutput_5d3c-compressed-scaled.jpg&quot;},{&quot;id&quot;:1844,&quot;url&quot;:&quot;https:\\\/\\\/blohmes.de\\\/wp-content\\\/uploads\\\/2022\\\/11\\\/a37d9737-3110-4ab2-bdc5-501139a1b234-e1669806517582.jpg&quot;},{&quot;id&quot;:96,&quot;url&quot;:&quot;https:\\\/\\\/blohmes.de\\\/wp-content\\\/uploads\\\/2022\\\/05\\\/Foto-13-compressed-scaled.jpg&quot;},{&quot;id&quot;:92,&quot;url&quot;:&quot;https:\\\/\\\/blohmes.de\\\/wp-content\\\/uploads\\\/2022\\\/05\\\/Foto-10-compressed-scaled.jpg&quot;},{&quot;id&quot;:93,&quot;url&quot;:&quot;https:\\\/\\\/blohmes.de\\\/wp-content\\\/uploads\\\/2022\\\/05\\\/Foto-16-compressed-scaled.jpg&quot;},{&quot;id&quot;:88,&quot;url&quot;:&quot;https:\\\/\\\/blohmes.de\\\/wp-content\\\/uploads\\\/2022\\\/05\\\/Foto-28-compressed-scaled.jpg&quot;},{&quot;id&quot;:776,&quot;url&quot;:&quot;https:\\\/\\\/blohmes.de\\\/wp-content\\\/uploads\\\/2022\\\/05\\\/fullsizeoutput_5d3e-compressed-scaled.jpg&quot;},{&quot;id&quot;:1845,&quot;url&quot;:&quot;https:\\\/\\\/blohmes.de\\\/wp-content\\\/uploads\\\/2022\\\/11\\\/c5e924eb-a3cc-4ba0-a25a-8c41ee720899-e1669806483196.jpg&quot;}],&quot;background_slideshow_loop&quot;:&quot;yes&quot;,&quot;background_slideshow_slide_duration&quot;:5000,&quot;background_slideshow_slide_transition&quot;:&quot;fade&quot;,&quot;background_slideshow_transition_duration&quot;:500}\">\n\t\t\t\t\t\t<div class=\"elementor-container elementor-column-gap-default\">\n\t\t\t\t\t<div class=\"elementor-column elementor-col-100 elementor-top-column elementor-element elementor-element-531e001\" data-id=\"531e001\" data-element_type=\"column\" data-e-type=\"column\" data-settings=\"{&quot;background_background&quot;:&quot;slideshow&quot;,&quot;background_slideshow_gallery&quot;:[],&quot;background_slideshow_loop&quot;:&quot;yes&quot;,&quot;background_slideshow_slide_duration&quot;:5000,&quot;background_slideshow_slide_transition&quot;:&quot;fade&quot;,&quot;background_slideshow_transition_duration&quot;:500}\">\n\t\t\t<div class=\"elementor-widget-wrap\">\n\t\t\t\t\t\t\t<\/div>\n\t\t<\/div>\n\t\t\t\t\t<\/div>\n\t\t<\/section>\n\t\t\t\t<section class=\"elementor-section elementor-top-section elementor-element elementor-element-f3768fc elementor-section-height-min-height elementor-section-boxed elementor-section-height-default elementor-section-items-middle\" data-id=\"f3768fc\" data-element_type=\"section\" data-e-type=\"section\">\n\t\t\t\t\t\t<div class=\"elementor-container elementor-column-gap-default\">\n\t\t\t\t\t<div class=\"elementor-column elementor-col-50 elementor-top-column elementor-element elementor-element-0e45e6c\" data-id=\"0e45e6c\" data-element_type=\"column\" data-e-type=\"column\">\n\t\t\t<div class=\"elementor-widget-wrap\">\n\t\t\t\t\t\t\t<\/div>\n\t\t<\/div>\n\t\t\t\t<div class=\"elementor-column elementor-col-50 elementor-top-column elementor-element elementor-element-8c56143\" data-id=\"8c56143\" data-element_type=\"column\" data-e-type=\"column\">\n\t\t\t<div class=\"elementor-widget-wrap elementor-element-populated\">\n\t\t\t\t\t\t<div class=\"elementor-element elementor-element-cbcf739 e-grid-align-right e-grid-align-mobile-center elementor-shape-rounded elementor-grid-0 elementor-widget elementor-widget-social-icons\" data-id=\"cbcf739\" data-element_type=\"widget\" data-e-type=\"widget\" data-widget_type=\"social-icons.default\">\n\t\t\t\t<div class=\"elementor-widget-container\">\n\t\t\t\t\t\t\t<div class=\"elementor-social-icons-wrapper elementor-grid\" role=\"list\">\n\t\t\t\t\t\t\t<span class=\"elementor-grid-item\" role=\"listitem\">\n\t\t\t\t\t<a class=\"elementor-icon elementor-social-icon elementor-social-icon-facebook elementor-repeater-item-54dbe33\" href=\"https:\/\/www.facebook.com\/HofBlohme\" target=\"_blank\">\n\t\t\t\t\t\t<span class=\"elementor-screen-only\">Facebook<\/span>\n\t\t\t\t\t\t<i aria-hidden=\"true\" class=\"fab fa-facebook\"><\/i>\t\t\t\t\t<\/a>\n\t\t\t\t<\/span>\n\t\t\t\t\t\t\t<span class=\"elementor-grid-item\" role=\"listitem\">\n\t\t\t\t\t<a class=\"elementor-icon elementor-social-icon elementor-social-icon-instagram elementor-repeater-item-c45ea11\" href=\"https:\/\/www.instagram.com\/hof_blohme\/\" target=\"_blank\">\n\t\t\t\t\t\t<span class=\"elementor-screen-only\">Instagram<\/span>\n\t\t\t\t\t\t<i aria-hidden=\"true\" class=\"fab fa-instagram\"><\/i>\t\t\t\t\t<\/a>\n\t\t\t\t<\/span>\n\t\t\t\t\t<\/div>\n\t\t\t\t\t\t<\/div>\n\t\t\t\t<\/div>\n\t\t\t\t\t<\/div>\n\t\t<\/div>\n\t\t\t\t\t<\/div>\n\t\t<\/section>\n\t\t\t\t<section class=\"elementor-section elementor-top-section elementor-element elementor-element-0bd2c18 elementor-section-boxed elementor-section-height-default elementor-section-height-default\" data-id=\"0bd2c18\" data-element_type=\"section\" data-e-type=\"section\" data-settings=\"{&quot;background_background&quot;:&quot;classic&quot;}\">\n\t\t\t\t\t\t<div class=\"elementor-container elementor-column-gap-default\">\n\t\t\t\t\t<div class=\"elementor-column elementor-col-20 elementor-top-column elementor-element elementor-element-3aec191\" data-id=\"3aec191\" data-element_type=\"column\" data-e-type=\"column\">\n\t\t\t<div class=\"elementor-widget-wrap elementor-element-populated\">\n\t\t\t\t\t\t<div class=\"elementor-element elementor-element-300eea8 elementor-widget elementor-widget-heading\" data-id=\"300eea8\" data-element_type=\"widget\" data-e-type=\"widget\" data-widget_type=\"heading.default\">\n\t\t\t\t<div class=\"elementor-widget-container\">\n\t\t\t\t\t<h1 class=\"elementor-heading-title elementor-size-default\">Kontakt<\/h1>\t\t\t\t<\/div>\n\t\t\t\t<\/div>\n\t\t\t\t<div class=\"elementor-element elementor-element-8c1d718 elementor-widget elementor-widget-text-editor\" data-id=\"8c1d718\" data-element_type=\"widget\" data-e-type=\"widget\" data-widget_type=\"text-editor.default\">\n\t\t\t\t<div class=\"elementor-widget-container\">\n\t\t\t\t\t\t\t\t\t<p>Mintja und Heinrich Blohme<br>Hagener Stra\u00dfe 3<br>27299 Langwedel<br>Tel.: 04235-8335&nbsp;<br>post@blohmes.de<\/p>\t\t\t\t\t\t\t\t<\/div>\n\t\t\t\t<\/div>\n\t\t\t\t<div class=\"elementor-element elementor-element-7e596c3 elementor-widget elementor-widget-text-editor\" data-id=\"7e596c3\" data-element_type=\"widget\" data-e-type=\"widget\" data-widget_type=\"text-editor.default\">\n\t\t\t\t<div class=\"elementor-widget-container\">\n\t\t\t\t\t\t\t\t\t<p><a href=\"https:\/\/www.google.com\/search?q=Hagener+Stra%C3%9Fe+3%2C+27299+Langwedel&amp;rlz=1C5CHFA_enDE820DE824&amp;ei=0YmCYtrlEY_4kwX5x47YCw&amp;ved=0ahUKEwiakrfbxeT3AhUP_KQKHfmjA7sQ4dUDCA4&amp;uact=5&amp;oq=Hagener+Stra%C3%9Fe+3%2C+27299+Langwedel&amp;gs_lcp=Cgdnd3Mtd2l6EAM6BwguENQCEEM6CgguEMcBEK8BEEM6CAgAELEDEIMBOhEILhCABBCxAxCDARDHARCjAjoICAAQgAQQsQM6CwguELEDEIMBENQCOg4ILhCABBCxAxCDARDUAjoLCAAQgAQQsQMQgwE6BAgAEEM6BAguEEM6CwguEIAEELEDEIMBOggILhCxAxCDAToKCC4QxwEQowIQQzoECAAQAzoLCC4QgAQQxwEQrwE6EQguEIAEELEDEIMBEMcBENEDOggILhCABBCxAzoFCAAQgAQ6CwguEIAEELEDENQCOgsILhCxAxDHARCvAToFCC4QgAQ6BwgAEIAEEAo6AggmOgYIABAWEB46BggAEAcQHjoICAAQBxAKEB46BggAEA0QHjoECAAQHjoICCEQFhAdEB46BQghEKABOgQIIRAVSgQIQRgASgQIRhgAUABYAGA8aAFwAXgAgAGcAogBtymSAQczNi4xNi4xmAEAoAEBsAEAwAEB&amp;sclient=gws-wiz\">Anfahrt<\/a><\/p>\t\t\t\t\t\t\t\t<\/div>\n\t\t\t\t<\/div>\n\t\t\t\t\t<\/div>\n\t\t<\/div>\n\t\t\t\t<div class=\"elementor-column elementor-col-20 elementor-top-column elementor-element elementor-element-9a4a055\" data-id=\"9a4a055\" data-element_type=\"column\" data-e-type=\"column\">\n\t\t\t<div class=\"elementor-widget-wrap elementor-element-populated\">\n\t\t\t\t\t\t<div class=\"elementor-element elementor-element-1783c8a elementor-widget elementor-widget-heading\" data-id=\"1783c8a\" data-element_type=\"widget\" data-e-type=\"widget\" data-widget_type=\"heading.default\">\n\t\t\t\t<div class=\"elementor-widget-container\">\n\t\t\t\t\t<h1 class=\"elementor-heading-title elementor-size-default\">\u00d6ffnungszeiten<\/h1>\t\t\t\t<\/div>\n\t\t\t\t<\/div>\n\t\t\t\t<div class=\"elementor-element elementor-element-164e8c9 elementor-widget elementor-widget-text-editor\" data-id=\"164e8c9\" data-element_type=\"widget\" data-e-type=\"widget\" data-widget_type=\"text-editor.default\">\n\t\t\t\t<div class=\"elementor-widget-container\">\n\t\t\t\t\t\t\t\t\t<p>Hofladen t\u00e4glich<br \/>8.00 &#8211; 19.00 Uhr<\/p>\t\t\t\t\t\t\t\t<\/div>\n\t\t\t\t<\/div>\n\t\t\t\t\t<\/div>\n\t\t<\/div>\n\t\t\t\t<div class=\"elementor-column elementor-col-20 elementor-top-column elementor-element elementor-element-88e6b05\" data-id=\"88e6b05\" data-element_type=\"column\" data-e-type=\"column\">\n\t\t\t<div class=\"elementor-widget-wrap elementor-element-populated\">\n\t\t\t\t\t\t<div class=\"elementor-element elementor-element-d0d95b6 elementor-widget elementor-widget-heading\" data-id=\"d0d95b6\" data-element_type=\"widget\" data-e-type=\"widget\" data-widget_type=\"heading.default\">\n\t\t\t\t<div class=\"elementor-widget-container\">\n\t\t\t\t\t<h1 class=\"elementor-heading-title elementor-size-default\">Termine<\/h1>\t\t\t\t<\/div>\n\t\t\t\t<\/div>\n\t\t\t\t<div class=\"elementor-element elementor-element-6f12b95 elementor-mobile-align-center elementor-widget elementor-widget-button\" data-id=\"6f12b95\" data-element_type=\"widget\" data-e-type=\"widget\" data-widget_type=\"button.default\">\n\t\t\t\t<div class=\"elementor-widget-container\">\n\t\t\t\t\t\t\t\t\t<div class=\"elementor-button-wrapper\">\n\t\t\t\t\t<a class=\"elementor-button elementor-button-link elementor-size-sm\" href=\"https:\/\/www.facebook.com\/Markt-im-Dorfland-104194238935434\/\">\n\t\t\t\t\t\t<span class=\"elementor-button-content-wrapper\">\n\t\t\t\t\t\t\t\t\t<span class=\"elementor-button-text\">Wochenmarkt auf dem Dorfland in 27299 Etelsen<\/span>\n\t\t\t\t\t<\/span>\n\t\t\t\t\t<\/a>\n\t\t\t\t<\/div>\n\t\t\t\t\t\t\t\t<\/div>\n\t\t\t\t<\/div>\n\t\t\t\t<div class=\"elementor-element elementor-element-99e58cd elementor-widget elementor-widget-text-editor\" data-id=\"99e58cd\" data-element_type=\"widget\" data-e-type=\"widget\" data-widget_type=\"text-editor.default\">\n\t\t\t\t<div class=\"elementor-widget-container\">\n\t\t\t\t\t\t\t\t\t<p>10. April,<\/p><p>08. Mai.,<\/p><p>05. Juni,<\/p><p>03. Juli,<\/p><p>07. August,<\/p><p>04. September,<\/p><p>02. Oktober 2026<\/p><p>14.30 &#8211; 18.30 Uhr<\/p>\t\t\t\t\t\t\t\t<\/div>\n\t\t\t\t<\/div>\n\t\t\t\t\t<\/div>\n\t\t<\/div>\n\t\t\t\t<div class=\"elementor-column elementor-col-20 elementor-top-column elementor-element elementor-element-0e211ae\" data-id=\"0e211ae\" data-element_type=\"column\" data-e-type=\"column\">\n\t\t\t<div class=\"elementor-widget-wrap elementor-element-populated\">\n\t\t\t\t\t\t<div class=\"elementor-element elementor-element-2423ea4 elementor-widget elementor-widget-image\" data-id=\"2423ea4\" data-element_type=\"widget\" data-e-type=\"widget\" data-widget_type=\"image.default\">\n\t\t\t\t<div class=\"elementor-widget-container\">\n\t\t\t\t\t\t\t\t\t\t\t\t\t\t\t\t<a href=\"https:\/\/www.ml.niedersachsen.de\/startseite\/themen\/eu_forderung_zur_entwicklung_im_landlichen_raum\/eu-foerderung-in-niedersachsen-147111.html\">\n\t\t\t\t\t\t\t<img decoding=\"async\" width=\"150\" height=\"150\" src=\"https:\/\/blohmes.de\/wp-content\/uploads\/2022\/05\/EULogoHieriInvestiert_zentriert-150x150.jpg\" class=\"attachment-thumbnail size-thumbnail wp-image-115\" alt=\"\" \/>\t\t\t\t\t\t\t\t<\/a>\n\t\t\t\t\t\t\t\t\t\t\t\t\t\t\t<\/div>\n\t\t\t\t<\/div>\n\t\t\t\t\t<\/div>\n\t\t<\/div>\n\t\t\t\t<div class=\"elementor-column elementor-col-20 elementor-top-column elementor-element elementor-element-c71bff8\" data-id=\"c71bff8\" data-element_type=\"column\" data-e-type=\"column\">\n\t\t\t<div class=\"elementor-widget-wrap elementor-element-populated\">\n\t\t\t\t\t\t<div class=\"elementor-element elementor-element-adb4c94 elementor-widget elementor-widget-image\" data-id=\"adb4c94\" data-element_type=\"widget\" data-e-type=\"widget\" data-widget_type=\"image.default\">\n\t\t\t\t<div class=\"elementor-widget-container\">\n\t\t\t\t\t\t\t\t\t\t\t\t<figure class=\"wp-caption\">\n\t\t\t\t\t\t\t\t\t\t<img fetchpriority=\"high\" decoding=\"async\" width=\"500\" height=\"333\" src=\"https:\/\/blohmes.de\/wp-content\/uploads\/2022\/12\/EU_Organic_Logo_Colour_OuterLine_rgb.jpg\" class=\"attachment-full size-full wp-image-1908\" alt=\"\" srcset=\"https:\/\/blohmes.de\/wp-content\/uploads\/2022\/12\/EU_Organic_Logo_Colour_OuterLine_rgb.jpg 500w, https:\/\/blohmes.de\/wp-content\/uploads\/2022\/12\/EU_Organic_Logo_Colour_OuterLine_rgb-300x200.jpg 300w\" sizes=\"(max-width: 500px) 100vw, 500px\" \/>\t\t\t\t\t\t\t\t\t\t\t<figcaption class=\"widget-image-caption wp-caption-text\">DE-\u00d6KO-009<\/figcaption>\n\t\t\t\t\t\t\t\t\t\t<\/figure>\n\t\t\t\t\t\t\t\t\t<\/div>\n\t\t\t\t<\/div>\n\t\t\t\t\t<\/div>\n\t\t<\/div>\n\t\t\t\t\t<\/div>\n\t\t<\/section>\n\t\t\t\t<\/div>\n\t\t","protected":false},"excerpt":{"rendered":"<p>Facebook Instagram Kontakt Mintja und Heinrich BlohmeHagener Stra\u00dfe 327299 LangwedelTel.: 04235-8335&nbsp;post@blohmes.de Anfahrt \u00d6ffnungszeiten Hofladen t\u00e4glich8.00 &#8211; 19.00 Uhr Termine Wochenmarkt auf dem Dorfland in 27299 Etelsen 10. April, 08. Mai., 05. Juni, 03. Juli, 07. August, 04. September, 02. Oktober 2026 14.30 &#8211; 18.30 Uhr DE-\u00d6KO-009<\/p>\n","protected":false},"author":1,"featured_media":0,"parent":0,"menu_order":0,"comment_status":"closed","ping_status":"closed","template":"","meta":{"footnotes":""},"class_list":["post-12","page","type-page","status-publish","hentry"],"_links":{"self":[{"href":"https:\/\/blohmes.de\/index.php\/wp-json\/wp\/v2\/pages\/12","targetHints":{"allow":["GET"]}}],"collection":[{"href":"https:\/\/blohmes.de\/index.php\/wp-json\/wp\/v2\/pages"}],"about":[{"href":"https:\/\/blohmes.de\/index.php\/wp-json\/wp\/v2\/types\/page"}],"author":[{"embeddable":true,"href":"https:\/\/blohmes.de\/index.php\/wp-json\/wp\/v2\/users\/1"}],"replies":[{"embeddable":true,"href":"https:\/\/blohmes.de\/index.php\/wp-json\/wp\/v2\/comments?post=12"}],"version-history":[{"count":586,"href":"https:\/\/blohmes.de\/index.php\/wp-json\/wp\/v2\/pages\/12\/revisions"}],"predecessor-version":[{"id":2112,"href":"https:\/\/blohmes.de\/index.php\/wp-json\/wp\/v2\/pages\/12\/revisions\/2112"}],"wp:attachment":[{"href":"https:\/\/blohmes.de\/index.php\/wp-json\/wp\/v2\/media?parent=12"}],"curies":[{"name":"wp","href":"https:\/\/api.w.org\/{rel}","templated":true}]}}