{"id":68,"date":"2022-05-13T17:59:03","date_gmt":"2022-05-13T17:59:03","guid":{"rendered":"https:\/\/blohmes.de\/wordpress\/?page_id=68"},"modified":"2022-05-19T17:36:40","modified_gmt":"2022-05-19T17:36:40","slug":"agb","status":"publish","type":"page","link":"https:\/\/blohmes.de\/index.php\/agb\/","title":{"rendered":"AGB"},"content":{"rendered":"\t\t<div data-elementor-type=\"wp-page\" data-elementor-id=\"68\" class=\"elementor elementor-68\">\n\t\t\t\t\t\t<section class=\"elementor-section elementor-top-section elementor-element elementor-element-486f1ef elementor-section-boxed elementor-section-height-default elementor-section-height-default\" data-id=\"486f1ef\" data-element_type=\"section\" data-e-type=\"section\">\n\t\t\t\t\t\t<div class=\"elementor-container elementor-column-gap-default\">\n\t\t\t\t\t<div class=\"elementor-column elementor-col-100 elementor-top-column elementor-element elementor-element-3a9c06f\" data-id=\"3a9c06f\" data-element_type=\"column\" data-e-type=\"column\">\n\t\t\t<div class=\"elementor-widget-wrap elementor-element-populated\">\n\t\t\t\t\t\t<div class=\"elementor-element elementor-element-fa22eca elementor-widget elementor-widget-text-editor\" data-id=\"fa22eca\" data-element_type=\"widget\" data-e-type=\"widget\" data-widget_type=\"text-editor.default\">\n\t\t\t\t<div class=\"elementor-widget-container\">\n\t\t\t\t\t\t\t\t\t<p class=\"wb-stl-custom1\"><strong>Allgemeine Gesch\u00e4ftsbedingungen (AGB) \u2013 \u201eFerienwohnung im Gr\u00fcnen\u201c<\/strong><\/p><p><em>Vermieter: Heinrich Blohme, Hagener Str. 3, 27299 Langwedel \/ OT Hagen-Grinden<\/em><\/p><p><strong>1. Anreise \/ Abreise<\/strong><\/p><p>Die Anreise kann zwischen 15.00 Uhr und 19.00 Uhr erfolgen. Am Abreisetag muss die Abreise sp\u00e4testens bis 11.00 Uhr erfolgen. Andere An- und Abreisezeiten k\u00f6nnen mit dem Vermieter individuell vereinbart werden. Sollte der Mieter am Anreisetag bis 22.00 Uhr nicht erscheinen, gilt der Vertrag nach einer Frist von 48 Stunden ohne Benachrichtigung an den Vermieter als gek\u00fcndigt. Eine (anteilige) R\u00fcckzahlung der Miete aufgrund verfr\u00fchter Abreise erfolgt grunds\u00e4tzlich nicht.<\/p><p><strong>2. Sonderw\u00fcnsche und Nebenabreden<\/strong><\/p><p>sind grunds\u00e4tzlich m\u00f6glich. Sie bed\u00fcrfen der schriftlichen Best\u00e4tigung durch den Vermieter. Haustiere sind jedoch nicht gestattet.<\/p><p><strong>3. Bezahlung<\/strong><\/p><p>Der Mietvertrag erh\u00e4lt mit Eingang der Anzahlung auf das Konto des Vermieters seine G\u00fcltigkeit. Die Anzahlung in H\u00f6he von 20% des Mietbetrages ist innerhalb von sieben Tagen nach Erhalt der Buchungsunterlagen zur Zahlung f\u00e4llig. Werden die Zahlungsfristen nicht eingehalten, so kann der Vermieter vom Vertrag zur\u00fccktreten. Die Nichtzahlung gilt als R\u00fccktritt und berechtigt zur Neuvermietung. Nach der erfolgten Anzahlung wird sieben Tage vor Anreise die Restzahlung per \u00dcberweisung f\u00e4llig oder bei Anreise in bar.<\/p><p>Nebenkosten f\u00fcr Wasser, PKW-Stellplatz, Abfall werden nicht erhoben.<\/p><p><strong>4. R\u00fccktritt<\/strong><\/p><p>Sie k\u00f6nnen jederzeit vom Vertrag zur\u00fccktreten.<\/p><p>Der R\u00fccktritt muss schriftlich erfolgen. Im Falle eines R\u00fccktritts kann bis zum 7. Tag vor Mietbeginn\u00a0kostenlos storniert werden, danach sind 80% des Gesamtpreises f\u00e4llig.<\/p><p>Es z\u00e4hlt jeweils das Empfangsdatum Ihrer R\u00fccktrittsnachricht. Bereits eingezahlte Betr\u00e4ge werden verrechnet. Eine Ersatzperson, die zu genannten Bedingungen in Ihren Vertrag eintritt, kann von Ihnen gestellt werden. Eine schriftliche Benachrichtigung gen\u00fcgt.<\/p><p><strong>5. Pflichten des Mieters<\/strong><\/p><p>Der Mieter verpflichtet sich, die gemieteten Sachen (Ferienwohnung, Inventar und Au\u00dfenanlagen) pfleglich zu behandeln. Wenn w\u00e4hrend des Mietverh\u00e4ltnisses Sch\u00e4den an der Ferienwohnung und \/ oder dessen Inventar auftreten, ist der Mieter verpflichtet, dies unverz\u00fcglich beim Vermieter anzuzeigen.<\/p><p>Bereits bei der Ankunft festgestellte M\u00e4ngel und Sch\u00e4den m\u00fcssen sofort beim Vermieter gemeldet werden, ansonsten haftet der Mieter f\u00fcr diese Sch\u00e4den. Zur Beseitigung von Sch\u00e4den und M\u00e4ngeln ist eine angemessene Frist einzur\u00e4umen. Anspr\u00fcche aus Beanstandungen, die nicht unverz\u00fcglich vor Ort gemeldet werden, sind ausgeschlossen. Reklamationen, die erst am Ende des Aufenthaltes bzw. nach Verlassen der Ferienwohnung beim Vermieter eingehen, sind ebenfalls vom Schadenersatz ausgeschlossen. Am Abreisetag sind vom Mieter pers\u00f6nliche Gegenst\u00e4nde zu entfernen, der Hausm\u00fcll ist in die vorgesehenen Beh\u00e4lter zu entsorgen, Geschirr ist sauber und abgewaschen in den K\u00fcchenschr\u00e4nken zu lagern.<\/p><p><strong>6. Datenschutz<\/strong><\/p><p>Der Mieter erkl\u00e4rt sich damit einverstanden, dass im Rahmen des mit ihm abgeschlossenen Vertrages notwendige Daten \u00fcber seine Person gespeichert, ge\u00e4ndert und \/ oder gel\u00f6scht werden. Alle pers\u00f6nlichen Daten werden absolut vertraulich behandelt.<\/p><p><strong>7. Haftung<\/strong><\/p><p>Die Ausschreibung wurde nach bestem Wissen erstellt. F\u00fcr eine Beeinflussung des Mietobjektes durch h\u00f6here Gewalt, durch landes\u00fcbliche Strom- und Wasserausf\u00e4lle und Unwetter wird nicht gehaftet. Ebenso wird nicht gehaftet bei Eintritt unverhersehbarer oder unvermeidbarer Umst\u00e4nde wie z.B. beh\u00f6rdlicher Anordnung, pl\u00f6tzlicher Baustelle oder f\u00fcr St\u00f6rungen durch naturbedingte und \u00f6rtliche Begebenheiten. Der Vermieter ist aber gern bei der Behebung der Probleme (soweit dies m\u00f6glich ist) behilflich. Die An- und Abreise des Mieters erfolgt in eigener Verantwortung und Haftung. Der Vermieter haftet nicht f\u00fcr pers\u00f6nliche Gegenst\u00e4nde bei Diebstahl oder Feuer. F\u00fcr mutwillige Zerst\u00f6rung bzw. Sch\u00e4den haftet der Mieter in vollem Umfang.<\/p><p><strong>8. Schlussbestimmungen<\/strong><\/p><p>Fotos und Text auf der Webseite bzw. im Flyer dienen der realistischen Beschreibung. Die 100-prozentige \u00dcbereinstimmung mit dem Mietobjekt kann nicht gew\u00e4hrleistet werden. Der Vermieter beh\u00e4lt sich \u00c4nderungen der Ausstattung (z.B. M\u00f6bel) vor, sofern sie gleichwertig sind.<\/p><p>Sollten eine oder mehrere Bestimmungen dieser Gesch\u00e4ftsbedingungen unwirksam sein oder werden, ber\u00fchrt dies die Wirksamkeit der \u00fcbrigen Bedingungen nicht. Die unwirksame Regelung ist durch eine wirksame zu ersetzen, die dem wirtschaftlichen und rechtlichem Willen der Vertragsparteien am nahesten kommt.<\/p><p>Es gilt deutsches Recht. Gerichtsstand und Erf\u00fcllungsort ist der Wohnort des Vermieters.<\/p>\t\t\t\t\t\t\t\t<\/div>\n\t\t\t\t<\/div>\n\t\t\t\t\t<\/div>\n\t\t<\/div>\n\t\t\t\t\t<\/div>\n\t\t<\/section>\n\t\t\t\t<section class=\"elementor-section elementor-top-section elementor-element elementor-element-2fe4085 elementor-section-boxed elementor-section-height-default elementor-section-height-default\" data-id=\"2fe4085\" data-element_type=\"section\" data-e-type=\"section\">\n\t\t\t\t\t\t<div class=\"elementor-container elementor-column-gap-default\">\n\t\t\t\t\t<div class=\"elementor-column elementor-col-100 elementor-top-column elementor-element elementor-element-23c022e\" data-id=\"23c022e\" data-element_type=\"column\" data-e-type=\"column\">\n\t\t\t<div class=\"elementor-widget-wrap elementor-element-populated\">\n\t\t\t\t\t\t<div class=\"elementor-element elementor-element-739e02f elementor-view-default elementor-widget elementor-widget-icon\" data-id=\"739e02f\" data-element_type=\"widget\" data-e-type=\"widget\" data-widget_type=\"icon.default\">\n\t\t\t\t<div class=\"elementor-widget-container\">\n\t\t\t\t\t\t\t<div class=\"elementor-icon-wrapper\">\n\t\t\t<a class=\"elementor-icon\" href=\"#Top\">\n\t\t\t<i aria-hidden=\"true\" class=\"far fa-arrow-alt-circle-up\"><\/i>\t\t\t<\/a>\n\t\t<\/div>\n\t\t\t\t\t\t<\/div>\n\t\t\t\t<\/div>\n\t\t\t\t\t<\/div>\n\t\t<\/div>\n\t\t\t\t\t<\/div>\n\t\t<\/section>\n\t\t\t\t<\/div>\n\t\t","protected":false},"excerpt":{"rendered":"<p>Allgemeine Gesch\u00e4ftsbedingungen (AGB) \u2013 \u201eFerienwohnung im Gr\u00fcnen\u201c Vermieter: Heinrich Blohme, Hagener Str. 3, 27299 Langwedel \/ OT Hagen-Grinden 1. Anreise \/ Abreise Die Anreise kann zwischen 15.00 Uhr und 19.00 Uhr erfolgen. Am Abreisetag muss die Abreise sp\u00e4testens bis 11.00 Uhr erfolgen. Andere An- und Abreisezeiten k\u00f6nnen mit dem Vermieter individuell vereinbart werden. Sollte der [&hellip;]<\/p>\n","protected":false},"author":1,"featured_media":0,"parent":0,"menu_order":0,"comment_status":"closed","ping_status":"closed","template":"","meta":{"footnotes":""},"class_list":["post-68","page","type-page","status-publish","hentry"],"_links":{"self":[{"href":"https:\/\/blohmes.de\/index.php\/wp-json\/wp\/v2\/pages\/68","targetHints":{"allow":["GET"]}}],"collection":[{"href":"https:\/\/blohmes.de\/index.php\/wp-json\/wp\/v2\/pages"}],"about":[{"href":"https:\/\/blohmes.de\/index.php\/wp-json\/wp\/v2\/types\/page"}],"author":[{"embeddable":true,"href":"https:\/\/blohmes.de\/index.php\/wp-json\/wp\/v2\/users\/1"}],"replies":[{"embeddable":true,"href":"https:\/\/blohmes.de\/index.php\/wp-json\/wp\/v2\/comments?post=68"}],"version-history":[{"count":16,"href":"https:\/\/blohmes.de\/index.php\/wp-json\/wp\/v2\/pages\/68\/revisions"}],"predecessor-version":[{"id":1504,"href":"https:\/\/blohmes.de\/index.php\/wp-json\/wp\/v2\/pages\/68\/revisions\/1504"}],"wp:attachment":[{"href":"https:\/\/blohmes.de\/index.php\/wp-json\/wp\/v2\/media?parent=68"}],"curies":[{"name":"wp","href":"https:\/\/api.w.org\/{rel}","templated":true}]}}